{"id":724,"date":"2023-08-07T08:59:55","date_gmt":"2023-08-07T05:59:55","guid":{"rendered":"http:\/\/www.aronkalip.com\/?page_id=724"},"modified":"2023-08-15T23:58:28","modified_gmt":"2023-08-15T20:58:28","slug":"machine-photos","status":"publish","type":"page","link":"https:\/\/www.aronkalip.com\/?page_id=724&lang=en","title":{"rendered":"Machine Photos"},"content":{"rendered":"<p>[vc_row][vc_column width=&#8221;1\/4&#8243;]<div class=\"porto-image-frame \"><span class=\"thumb-info thumb-info-centered-info thumb-info-box-shadow\"><span class=\"thumb-info-wrapper\"><img decoding=\"async\" alt=\"\" src=\"\/\/www.aronkalip.com\/site\/wp-content\/uploads\/2023\/07\/Arion-Freze-1.jpg\" class=\"img-responsive\"><span class=\"thumb-info-title\"><span class=\"thumb-info-inner\">Arion Freze<em><\/em><\/span><span class=\"thumb-info-type\">ARON KALIP<\/span><\/span><\/span><\/span><\/div>[\/vc_column][vc_column width=&#8221;1\/4&#8243;]<div class=\"porto-image-frame \"><span class=\"thumb-info thumb-info-centered-info thumb-info-box-shadow\"><span class=\"thumb-info-wrapper\"><img decoding=\"async\" alt=\"\" src=\"\/\/www.aronkalip.com\/site\/wp-content\/uploads\/2023\/07\/Dalga-Kiran-Vidali-Kompresor-1.jpg\" class=\"img-responsive\"><span class=\"thumb-info-title\"><span class=\"thumb-info-inner\">Dalga K\u0131ran Vidal\u0131 Kompres\u00f6r<em><\/em><\/span><span class=\"thumb-info-type\">ARON KALIP<\/span><\/span><\/span><\/span><\/div>[\/vc_column][vc_column width=&#8221;1\/4&#8243;]<div class=\"porto-image-frame \"><span class=\"thumb-info thumb-info-centered-info thumb-info-box-shadow\"><span class=\"thumb-info-wrapper\"><img decoding=\"async\" alt=\"\" src=\"\/\/www.aronkalip.com\/site\/wp-content\/uploads\/2023\/07\/Hightec-Hizli-Delik-Delme.jpg\" class=\"img-responsive\"><span class=\"thumb-info-title\"><span class=\"thumb-info-inner\">Hightec Hizli Delik Delme<em><\/em><\/span><span class=\"thumb-info-type\">ARON KALIP<\/span><\/span><\/span><\/span><\/div>[\/vc_column][vc_column width=&#8221;1\/4&#8243;]<div class=\"porto-image-frame \"><span class=\"thumb-info thumb-info-centered-info thumb-info-box-shadow\"><span class=\"thumb-info-wrapper\"><img decoding=\"async\" alt=\"\" src=\"\/\/www.aronkalip.com\/site\/wp-content\/uploads\/2023\/07\/Hightec-Tel-Erezyon.jpg\" class=\"img-responsive\"><span class=\"thumb-info-title\"><span class=\"thumb-info-inner\">Hightec Tel Erezyon<em><\/em><\/span><span class=\"thumb-info-type\">ARON KALIP<\/span><\/span><\/span><\/span><\/div>[\/vc_column][\/vc_row][vc_row][vc_column width=&#8221;1\/4&#8243;]<div class=\"porto-image-frame \"><span class=\"thumb-info thumb-info-centered-info thumb-info-box-shadow\"><span class=\"thumb-info-wrapper\"><img decoding=\"async\" alt=\"\" src=\"\/\/www.aronkalip.com\/site\/wp-content\/uploads\/2023\/07\/Makino-S56.jpg\" class=\"img-responsive\"><span class=\"thumb-info-title\"><span class=\"thumb-info-inner\">Makino S56<em><\/em><\/span><span class=\"thumb-info-type\">ARON KALIP<\/span><\/span><\/span><\/span><\/div>[\/vc_column][vc_column width=&#8221;1\/4&#8243;]<div class=\"porto-image-frame \"><span class=\"thumb-info thumb-info-centered-info thumb-info-box-shadow\"><span class=\"thumb-info-wrapper\"><img decoding=\"async\" alt=\"\" src=\"\/\/www.aronkalip.com\/site\/wp-content\/uploads\/2023\/07\/Max-See-Dalma-Erezyon.jpg\" class=\"img-responsive\"><span class=\"thumb-info-title\"><span class=\"thumb-info-inner\">Max See Dalma Erezyon<em><\/em><\/span><span class=\"thumb-info-type\">ARON KALIP<\/span><\/span><\/span><\/span><\/div>[\/vc_column][vc_column width=&#8221;1\/4&#8243;]<div class=\"porto-image-frame \"><span class=\"thumb-info thumb-info-centered-info thumb-info-box-shadow\"><span class=\"thumb-info-wrapper\"><img decoding=\"async\" alt=\"\" src=\"\/\/www.aronkalip.com\/site\/wp-content\/uploads\/2023\/07\/Millstar-VH650-B.jpg\" class=\"img-responsive\"><span class=\"thumb-info-title\"><span class=\"thumb-info-inner\">Millstar VH650 B<em><\/em><\/span><span class=\"thumb-info-type\">ARON KALIP<\/span><\/span><\/span><\/span><\/div>[\/vc_column][vc_column width=&#8221;1\/4&#8243;]<div class=\"porto-image-frame \"><span class=\"thumb-info thumb-info-centered-info thumb-info-box-shadow\"><span class=\"thumb-info-wrapper\"><img decoding=\"async\" alt=\"\" src=\"\/\/www.aronkalip.com\/site\/wp-content\/uploads\/2023\/07\/Millutensil-Alistirma-Presi.jpg\" class=\"img-responsive\"><span class=\"thumb-info-title\"><span class=\"thumb-info-inner\">Millutensil Alistirma Presi<em><\/em><\/span><span class=\"thumb-info-type\">ARON KALIP<\/span><\/span><\/span><\/span><\/div>[\/vc_column][\/vc_row][vc_row][vc_column width=&#8221;1\/4&#8243;]<div class=\"porto-image-frame \"><span class=\"thumb-info thumb-info-centered-info thumb-info-box-shadow\"><span class=\"thumb-info-wrapper\"><img decoding=\"async\" alt=\"\" src=\"\/\/www.aronkalip.com\/site\/wp-content\/uploads\/2023\/07\/Rabom-Radyal.jpg\" class=\"img-responsive\"><span class=\"thumb-info-title\"><span class=\"thumb-info-inner\">Rabom Radyal<em><\/em><\/span><span class=\"thumb-info-type\">ARON KALIP<\/span><\/span><\/span><\/span><\/div>[\/vc_column][vc_column width=&#8221;1\/4&#8243;]<div class=\"porto-image-frame \"><span class=\"thumb-info thumb-info-centered-info thumb-info-box-shadow\"><span class=\"thumb-info-wrapper\"><img decoding=\"async\" alt=\"\" src=\"\/\/www.aronkalip.com\/site\/wp-content\/uploads\/2023\/07\/Tezsan-Tos-Torna.jpg\" class=\"img-responsive\"><span class=\"thumb-info-title\"><span class=\"thumb-info-inner\">Tezsan Tos Torna<em><\/em><\/span><span class=\"thumb-info-type\">ARON KALIP<\/span><\/span><\/span><\/span><\/div>[\/vc_column][vc_column width=&#8221;1\/4&#8243;]<div class=\"porto-image-frame \"><span class=\"thumb-info thumb-info-centered-info thumb-info-box-shadow\"><span class=\"thumb-info-wrapper\"><img decoding=\"async\" alt=\"\" src=\"\/\/www.aronkalip.com\/site\/wp-content\/uploads\/2023\/07\/Victor-P106.jpg\" class=\"img-responsive\"><span class=\"thumb-info-title\"><span class=\"thumb-info-inner\">Victor P106<em><\/em><\/span><span class=\"thumb-info-type\">ARON KALIP<\/span><\/span><\/span><\/span><\/div>[\/vc_column][vc_column width=&#8221;1\/4&#8243;]<div class=\"porto-image-frame \"><span class=\"thumb-info thumb-info-centered-info thumb-info-box-shadow\"><span class=\"thumb-info-wrapper\"><img decoding=\"async\" alt=\"\" src=\"\/\/www.aronkalip.com\/site\/wp-content\/uploads\/2023\/07\/Victor-P136.jpg\" class=\"img-responsive\"><span class=\"thumb-info-title\"><span class=\"thumb-info-inner\">Victor P135<em><\/em><\/span><span class=\"thumb-info-type\">ARON KALIP<\/span><\/span><\/span><\/span><\/div>[\/vc_column][\/vc_row][vc_row][vc_column width=&#8221;1\/4&#8243;]<div class=\"porto-image-frame \"><span class=\"thumb-info thumb-info-centered-info thumb-info-box-shadow\"><span class=\"thumb-info-wrapper\"><img decoding=\"async\" alt=\"\" src=\"\/\/www.aronkalip.com\/site\/wp-content\/uploads\/2023\/07\/Victor-P165.jpg\" class=\"img-responsive\"><span class=\"thumb-info-title\"><span class=\"thumb-info-inner\">Victor P165<em><\/em><\/span><span class=\"thumb-info-type\">ARON KALIP<\/span><\/span><\/span><\/span><\/div>[\/vc_column][vc_column width=&#8221;1\/4&#8243;][\/vc_column][vc_column width=&#8221;1\/4&#8243;][\/vc_column][vc_column width=&#8221;1\/4&#8243;][\/vc_column][\/vc_row]<\/p>\n","protected":false},"excerpt":{"rendered":"<p>[vc_row][vc_column width=&#8221;1\/4&#8243;][\/vc_column][vc_column width=&#8221;1\/4&#8243;][\/vc_column][vc_column width=&#8221;1\/4&#8243;][\/vc_column][vc_column width=&#8221;1\/4&#8243;][\/vc_column][\/vc_row][vc_row][vc_column width=&#8221;1\/4&#8243;][\/vc_column][vc_column width=&#8221;1\/4&#8243;][\/vc_column][vc_column width=&#8221;1\/4&#8243;][\/vc_column][vc_column width=&#8221;1\/4&#8243;][\/vc_column][\/vc_row][vc_row][vc_column width=&#8221;1\/4&#8243;][\/vc_column][vc_column width=&#8221;1\/4&#8243;][\/vc_column][vc_column width=&#8221;1\/4&#8243;][\/vc_column][vc_column width=&#8221;1\/4&#8243;][\/vc_column][\/vc_row][vc_row][vc_column width=&#8221;1\/4&#8243;][\/vc_column][vc_column width=&#8221;1\/4&#8243;][\/vc_column][vc_column width=&#8221;1\/4&#8243;][\/vc_column][vc_column width=&#8221;1\/4&#8243;][\/vc_column][\/vc_row]<\/p>\n","protected":false},"author":1,"featured_media":0,"parent":0,"menu_order":0,"comment_status":"closed","ping_status":"closed","template":"","meta":{"footnotes":""},"class_list":["post-724","page","type-page","status-publish","hentry"],"_links":{"self":[{"href":"https:\/\/www.aronkalip.com\/index.php?rest_route=\/wp\/v2\/pages\/724","targetHints":{"allow":["GET"]}}],"collection":[{"href":"https:\/\/www.aronkalip.com\/index.php?rest_route=\/wp\/v2\/pages"}],"about":[{"href":"https:\/\/www.aronkalip.com\/index.php?rest_route=\/wp\/v2\/types\/page"}],"author":[{"embeddable":true,"href":"https:\/\/www.aronkalip.com\/index.php?rest_route=\/wp\/v2\/users\/1"}],"replies":[{"embeddable":true,"href":"https:\/\/www.aronkalip.com\/index.php?rest_route=%2Fwp%2Fv2%2Fcomments&post=724"}],"version-history":[{"count":7,"href":"https:\/\/www.aronkalip.com\/index.php?rest_route=\/wp\/v2\/pages\/724\/revisions"}],"predecessor-version":[{"id":884,"href":"https:\/\/www.aronkalip.com\/index.php?rest_route=\/wp\/v2\/pages\/724\/revisions\/884"}],"wp:attachment":[{"href":"https:\/\/www.aronkalip.com\/index.php?rest_route=%2Fwp%2Fv2%2Fmedia&parent=724"}],"curies":[{"name":"wp","href":"https:\/\/api.w.org\/{rel}","templated":true}]}}