{"id":574,"date":"2023-06-08T08:37:45","date_gmt":"2023-06-08T05:37:45","guid":{"rendered":"http:\/\/www.aronkalip.com\/site\/?page_id=574"},"modified":"2025-07-09T12:25:21","modified_gmt":"2025-07-09T09:25:21","slug":"vizyon-misyon","status":"publish","type":"page","link":"https:\/\/www.aronkalip.com\/?page_id=574","title":{"rendered":"Vizyon &#038; Misyon"},"content":{"rendered":"<p>[vc_row][vc_column offset=&#8221;vc_col-md-8&#8243;][vc_custom_heading text=&#8221;Misyonumuz&#8221; use_theme_fonts=&#8221;yes&#8221; el_class=&#8221;m-b-xs&#8221;][vc_column_text el_class=&#8221;lead&#8221;]Aron Kal\u0131p, \u00fcretimi yaln\u0131zca m\u00fchendislik de\u011fil, markalar i\u00e7in stratejik bir g\u00fc\u00e7 olarak ele al\u0131r. Teknolojiyi inovasyonla sentezleyerek, pazarda fark yaratan, rekabet avantaj\u0131 sa\u011flayan ve marka de\u011ferini y\u00fckselten \u00e7\u00f6z\u00fcmler \u00fcretiriz. Kusursuzluk bizim ba\u015flang\u0131\u00e7 noktam\u0131z, s\u00fcrd\u00fcr\u00fclebilir inovasyon ise gelece\u011fe y\u00f6n verdi\u011fimiz temel ilkemizdir.[\/vc_column_text][vc_custom_heading text=&#8221;Vizyonumuz&#8221; use_theme_fonts=&#8221;yes&#8221; el_class=&#8221;m-b-xs&#8221;][vc_column_text el_class=&#8221;lead&#8221;]M\u00fckemmeliyetin s\u0131n\u0131rlar\u0131n\u0131 yeniden tan\u0131mlayan m\u00fchendislik perspektifiyle, her \u00fcretim s\u00fcrecini bir inovasyon manifestosuna d\u00f6n\u00fc\u015ft\u00fcrmek. Kal\u0131p \u00fcretimini yaln\u0131zca bir s\u00fcre\u00e7 de\u011fil, end\u00fcstriyi ileriye ta\u015f\u0131yan bir strateji olarak ele alarak, teknolojiyi, hassasiyeti ve i\u015f\u00e7ili\u011fi benzersiz bir dengeyle bulu\u015fturmak. Gelece\u011fin \u00fcretim ekosistemini tasarlamak ve sekt\u00f6re y\u00f6n veren bir g\u00fc\u00e7 olarak, makinenin \u00f6tesinde fikirleri \u015fekillendirmek.[\/vc_column_text][\/vc_column][vc_column offset=&#8221;vc_col-md-4&#8243;]<div class=\"porto-carousel owl-carousel  nav-inside \" data-plugin-options=\"{&quot;stagePadding&quot;:0,&quot;margin&quot;:10,&quot;autoplay&quot;:&quot;yes&quot;,&quot;autoplayTimeout&quot;:3000,&quot;autoplayHoverPause&quot;:false,&quot;items&quot;:1,&quot;lg&quot;:1,&quot;md&quot;:1,&quot;sm&quot;:1,&quot;xs&quot;:1,&quot;nav&quot;:false,&quot;dots&quot;:&quot;yes&quot;,&quot;animateIn&quot;:&quot;&quot;,&quot;animateOut&quot;:&quot;&quot;,&quot;loop&quot;:&quot;yes&quot;,&quot;center&quot;:false,&quot;video&quot;:false,&quot;lazyLoad&quot;:false}\">[vc_single_image image=&#8221;610&#8243; img_size=&#8221;full&#8221; alignment=&#8221;center&#8221; style=&#8221;vc_box_shadow&#8221;][vc_single_image image=&#8221;611&#8243; img_size=&#8221;full&#8221; alignment=&#8221;center&#8221; style=&#8221;vc_box_shadow&#8221;]<\/div>[\/vc_column][\/vc_row]<\/p>\n","protected":false},"excerpt":{"rendered":"<p>[vc_row][vc_column offset=&#8221;vc_col-md-8&#8243;][vc_custom_heading text=&#8221;Misyonumuz&#8221; use_theme_fonts=&#8221;yes&#8221; el_class=&#8221;m-b-xs&#8221;][vc_column_text el_class=&#8221;lead&#8221;]Aron Kal\u0131p, \u00fcretimi yaln\u0131zca m\u00fchendislik de\u011fil, markalar i\u00e7in stratejik bir g\u00fc\u00e7 olarak ele al\u0131r. Teknolojiyi inovasyonla sentezleyerek, pazarda fark yaratan, rekabet avantaj\u0131 sa\u011flayan ve marka de\u011ferini y\u00fckselten \u00e7\u00f6z\u00fcmler \u00fcretiriz. Kusursuzluk bizim ba\u015flang\u0131\u00e7 noktam\u0131z, s\u00fcrd\u00fcr\u00fclebilir inovasyon ise gelece\u011fe y\u00f6n verdi\u011fimiz temel ilkemizdir.[\/vc_column_text][vc_custom_heading text=&#8221;Vizyonumuz&#8221; use_theme_fonts=&#8221;yes&#8221; el_class=&#8221;m-b-xs&#8221;][vc_column_text el_class=&#8221;lead&#8221;]M\u00fckemmeliyetin s\u0131n\u0131rlar\u0131n\u0131 yeniden tan\u0131mlayan m\u00fchendislik perspektifiyle, [&hellip;]<\/p>\n","protected":false},"author":1,"featured_media":0,"parent":0,"menu_order":0,"comment_status":"closed","ping_status":"closed","template":"","meta":{"footnotes":""},"class_list":["post-574","page","type-page","status-publish","hentry"],"_links":{"self":[{"href":"https:\/\/www.aronkalip.com\/index.php?rest_route=\/wp\/v2\/pages\/574","targetHints":{"allow":["GET"]}}],"collection":[{"href":"https:\/\/www.aronkalip.com\/index.php?rest_route=\/wp\/v2\/pages"}],"about":[{"href":"https:\/\/www.aronkalip.com\/index.php?rest_route=\/wp\/v2\/types\/page"}],"author":[{"embeddable":true,"href":"https:\/\/www.aronkalip.com\/index.php?rest_route=\/wp\/v2\/users\/1"}],"replies":[{"embeddable":true,"href":"https:\/\/www.aronkalip.com\/index.php?rest_route=%2Fwp%2Fv2%2Fcomments&post=574"}],"version-history":[{"count":15,"href":"https:\/\/www.aronkalip.com\/index.php?rest_route=\/wp\/v2\/pages\/574\/revisions"}],"predecessor-version":[{"id":899,"href":"https:\/\/www.aronkalip.com\/index.php?rest_route=\/wp\/v2\/pages\/574\/revisions\/899"}],"wp:attachment":[{"href":"https:\/\/www.aronkalip.com\/index.php?rest_route=%2Fwp%2Fv2%2Fmedia&parent=574"}],"curies":[{"name":"wp","href":"https:\/\/api.w.org\/{rel}","templated":true}]}}