{"id":474,"date":"2023-05-11T08:31:48","date_gmt":"2023-05-11T05:31:48","guid":{"rendered":"http:\/\/www.aronkalip.com\/site\/?page_id=474"},"modified":"2025-07-09T12:31:56","modified_gmt":"2025-07-09T09:31:56","slug":"makina-parkuru","status":"publish","type":"page","link":"https:\/\/www.aronkalip.com\/?page_id=474","title":{"rendered":"Makina Parkuru"},"content":{"rendered":"<p>[vc_row][vc_column width=&#8221;1\/3&#8243;]<div class=\"ult_pricing_table_wrap ult_info_table ult_design_5  ult-cs-custom  \">\n\t\t\t\t\t<div class=\"ult_pricing_table \" style=\"background:#ededed;color:#424242; \"><div id=\"Info-table-wrap-3062\" class=\"ult_pricing_heading\" style=\"\">\n\t\t\t\t\t\t\t<h3 class=\"ult-responsive\"  data-ultimate-target='#Info-table-wrap-3062 h3'  data-responsive-json-new='{\"font-size\":\"\",\"line-height\":\"\"}'  style=\"font-weight:normal;\">CNC Tezgahlar\u0131m\u0131z<\/h3><\/div><!--ult_pricing_heading--><div id=\"info_table_features_wrap-4209\"  data-ultimate-target='#info_table_features_wrap-4209.ult_price_features'  data-responsive-json-new='{\"font-size\":\"\",\"line-height\":\"\"}'  class=\"ult-responsive ult_price_features\" style=\"font-weight:normal;\">\n\t\t\t\t\t\t\t<p>\u2022 Makino S56 Cnc Dik \u0130\u015fleme Merkezi<\/p>\n<p>\u2022 Makino S56 Cnc Dik \u0130\u015fleme Merkezi<\/p>\n<p>\u2022 Victor Mould P106 Cnc Dik \u0130\u015fleme Merkezi<\/p>\n<p>\u2022 Victor Mould P106 Cnc Dik \u0130\u015fleme Merkezi<\/p>\n<p>\u2022 Victor P136 Cnc Dik \u0130\u015fleme Merkezi<\/p>\n<p>\u2022 Victor P165 Cnc Dik \u0130\u015fleme Merkezi<\/p>\n<p>\u2022 Millstar Bed Freeze VH650-B CNC<\/p>\n<p>\u2022 Max SEE Cnc Dalma Erezyon Tezgah\u0131<\/p>\n<p>\u2022 Max SEE Cnc Dalma Erezyon Tezgah\u0131<\/p>\n<p>\u2022 H\u0131ghtec Cnc Tel Erezyon<\/p>\n<p>\u2022 H\u0131ghtec H\u0131zl\u0131 Delik Delme<\/p>\n\n\t\t\t\t\t\t<\/div><!--ult_price_features--><div class=\"ult_clr\"><\/div>\n\t\t\t<\/div><!--pricing_table-->\n\t\t<\/div><!--pricing_table_wrap-->[\/vc_column][vc_column width=&#8221;1\/3&#8243;]<div class=\"ult_pricing_table_wrap ult_info_table ult_design_5  ult-cs-custom  \">\n\t\t\t\t\t<div class=\"ult_pricing_table \" style=\"background:#ededed;color:#424242; \"><div id=\"Info-table-wrap-1837\" class=\"ult_pricing_heading\" style=\"\">\n\t\t\t\t\t\t\t<h3 class=\"ult-responsive\"  data-ultimate-target='#Info-table-wrap-1837 h3'  data-responsive-json-new='{\"font-size\":\"\",\"line-height\":\"\"}'  style=\"font-weight:normal;\">Manuel Tezgahlar\u0131m\u0131z<\/h3><\/div><!--ult_pricing_heading--><div id=\"info_table_features_wrap-2751\"  data-ultimate-target='#info_table_features_wrap-2751.ult_price_features'  data-responsive-json-new='{\"font-size\":\"\",\"line-height\":\"\"}'  class=\"ult-responsive ult_price_features\" style=\"font-weight:normal;\">\n\t\t\t\t\t\t\t<p>\u2022\tMillutensil Al\u0131\u015ft\u0131rma Presi<\/p>\n<p>\u2022\tArion Freze<\/p>\n<p>\u2022\tHks 40F Radyal Matkap<\/p>\n<p>\u2022\tRaboma Radyal Matkap<\/p>\n<p>\u2022\tElb Schliff Ta\u015flama Tezgah\u0131<\/p>\n<p>\u2022\tTezsan Tos Torna<\/p>\n<p>\u2022\tDalgak\u0131ran Vidal\u0131 Kompres\u00f6r<\/p>\n\n\t\t\t\t\t\t<\/div><!--ult_price_features--><div class=\"ult_clr\"><\/div>\n\t\t\t<\/div><!--pricing_table-->\n\t\t<\/div><!--pricing_table_wrap-->[\/vc_column][vc_column width=&#8221;1\/3&#8243;]<div class=\"ult_pricing_table_wrap ult_info_table ult_design_5  ult-cs-custom  \">\n\t\t\t\t\t<div class=\"ult_pricing_table \" style=\"background:#ededed;color:#424242; \"><div id=\"Info-table-wrap-5236\" class=\"ult_pricing_heading\" style=\"\">\n\t\t\t\t\t\t\t<h3 class=\"ult-responsive\"  data-ultimate-target='#Info-table-wrap-5236 h3'  data-responsive-json-new='{\"font-size\":\"\",\"line-height\":\"\"}'  style=\"font-weight:normal;\">Yaz\u0131l\u0131m Yeteneklerimiz<\/h3><\/div><!--ult_pricing_heading--><div id=\"info_table_features_wrap-7702\"  data-ultimate-target='#info_table_features_wrap-7702.ult_price_features'  data-responsive-json-new='{\"font-size\":\"\",\"line-height\":\"\"}'  class=\"ult-responsive ult_price_features\" style=\"font-weight:normal;\">\n\t\t\t\t\t\t\t<p>\u2022 SOLIDWORKS CAD (Tasar\u0131m Yaz\u0131l\u0131m\u0131)<\/p>\n<p>\u2022 ZW SOFT 3D (Tasar\u0131m Yaz\u0131l\u0131m\u0131)<\/p>\n<p>\u2022 ZW SOFT CAM (\u0130malat Yaz\u0131l\u0131m\u0131)<\/p>\n<p>\u2022 ESPRIT CAM (\u0130malat Yaz\u0131l\u0131m\u0131)<\/p>\n<p>\u2022 ANYCASTING SIMULATION (Analiz Yaz\u0131l\u0131m\u0131)<\/p>\n<p>\u2022 HOLON 3D LASER SCAN (3D Lazer Tarama)<\/p>\n<p>\u2022 SMARPARA Q PRO (3D Kalite G\u00fcvence Program\u0131)<\/p>\n\n\t\t\t\t\t\t<\/div><!--ult_price_features--><div class=\"ult_clr\"><\/div>\n\t\t\t<\/div><!--pricing_table-->\n\t\t<\/div><!--pricing_table_wrap-->[\/vc_column][\/vc_row]<\/p>\n","protected":false},"excerpt":{"rendered":"<p>[vc_row][vc_column width=&#8221;1\/3&#8243;][\/vc_column][vc_column width=&#8221;1\/3&#8243;][\/vc_column][vc_column width=&#8221;1\/3&#8243;][\/vc_column][\/vc_row]<\/p>\n","protected":false},"author":1,"featured_media":0,"parent":0,"menu_order":0,"comment_status":"closed","ping_status":"closed","template":"","meta":{"footnotes":""},"class_list":["post-474","page","type-page","status-publish","hentry"],"_links":{"self":[{"href":"https:\/\/www.aronkalip.com\/index.php?rest_route=\/wp\/v2\/pages\/474","targetHints":{"allow":["GET"]}}],"collection":[{"href":"https:\/\/www.aronkalip.com\/index.php?rest_route=\/wp\/v2\/pages"}],"about":[{"href":"https:\/\/www.aronkalip.com\/index.php?rest_route=\/wp\/v2\/types\/page"}],"author":[{"embeddable":true,"href":"https:\/\/www.aronkalip.com\/index.php?rest_route=\/wp\/v2\/users\/1"}],"replies":[{"embeddable":true,"href":"https:\/\/www.aronkalip.com\/index.php?rest_route=%2Fwp%2Fv2%2Fcomments&post=474"}],"version-history":[{"count":9,"href":"https:\/\/www.aronkalip.com\/index.php?rest_route=\/wp\/v2\/pages\/474\/revisions"}],"predecessor-version":[{"id":900,"href":"https:\/\/www.aronkalip.com\/index.php?rest_route=\/wp\/v2\/pages\/474\/revisions\/900"}],"wp:attachment":[{"href":"https:\/\/www.aronkalip.com\/index.php?rest_route=%2Fwp%2Fv2%2Fmedia&parent=474"}],"curies":[{"name":"wp","href":"https:\/\/api.w.org\/{rel}","templated":true}]}}