{"id":471,"date":"2023-05-11T08:29:08","date_gmt":"2023-05-11T05:29:08","guid":{"rendered":"http:\/\/www.aronkalip.com\/site\/?page_id=471"},"modified":"2023-06-08T08:04:49","modified_gmt":"2023-06-08T05:04:49","slug":"hizmetlerimiz","status":"publish","type":"page","link":"https:\/\/www.aronkalip.com\/?page_id=471","title":{"rendered":"Hizmetlerimiz"},"content":{"rendered":"<p>[vc_row][vc_column width=&#8221;1\/4&#8243;]<div class=\"porto-image-frame \" data-appear-animation=\"bounce\"><span class=\"thumb-info thumb-info-box-shadow\"><span class=\"thumb-info-wrapper\"><img decoding=\"async\" alt=\"\" src=\"\/\/www.aronkalip.com\/site\/wp-content\/uploads\/2023\/06\/01-1.jpg\" class=\"img-responsive\"><span class=\"thumb-info-title\"><span class=\"thumb-info-type\">Al\u00fcminyum Enjeksiyon Kal\u0131plar\u0131<\/span><\/span><\/span><\/span><\/div>[\/vc_column][vc_column width=&#8221;1\/4&#8243;]<div class=\"porto-image-frame \" data-appear-animation=\"bounce\"><span class=\"thumb-info thumb-info-box-shadow\"><span class=\"thumb-info-wrapper\"><img decoding=\"async\" alt=\"\" src=\"\/\/www.aronkalip.com\/site\/wp-content\/uploads\/2023\/06\/02-1.jpg\" class=\"img-responsive\"><span class=\"thumb-info-title\"><span class=\"thumb-info-type\">Zamak Enjeksiyon Kal\u0131plar\u0131<\/span><\/span><\/span><\/span><\/div>[\/vc_column][vc_column width=&#8221;1\/4&#8243;]<div class=\"porto-image-frame \" data-appear-animation=\"bounce\"><span class=\"thumb-info thumb-info-box-shadow\"><span class=\"thumb-info-wrapper\"><img decoding=\"async\" alt=\"\" src=\"\/\/www.aronkalip.com\/site\/wp-content\/uploads\/2023\/06\/03-1.jpg\" class=\"img-responsive\"><span class=\"thumb-info-title\"><span class=\"thumb-info-type\">Plastik Enjeksiyon Kal\u0131plar\u0131<\/span><\/span><\/span><\/span><\/div>[\/vc_column][vc_column width=&#8221;1\/4&#8243;]<div class=\"porto-image-frame \" data-appear-animation=\"bounce\"><span class=\"thumb-info thumb-info-box-shadow\"><span class=\"thumb-info-wrapper\"><img decoding=\"async\" alt=\"\" src=\"\/\/www.aronkalip.com\/site\/wp-content\/uploads\/2023\/06\/04.jpg\" class=\"img-responsive\"><span class=\"thumb-info-title\"><span class=\"thumb-info-type\">Al\u00fcminyum Enjeksiyon Trim Kal\u0131plar\u0131<\/span><\/span><\/span><\/span><\/div>[\/vc_column][\/vc_row]<\/p>\n","protected":false},"excerpt":{"rendered":"<p>[vc_row][vc_column width=&#8221;1\/4&#8243;][\/vc_column][vc_column width=&#8221;1\/4&#8243;][\/vc_column][vc_column width=&#8221;1\/4&#8243;][\/vc_column][vc_column width=&#8221;1\/4&#8243;][\/vc_column][\/vc_row]<\/p>\n","protected":false},"author":1,"featured_media":0,"parent":0,"menu_order":0,"comment_status":"closed","ping_status":"closed","template":"","meta":{"footnotes":""},"class_list":["post-471","page","type-page","status-publish","hentry"],"_links":{"self":[{"href":"https:\/\/www.aronkalip.com\/index.php?rest_route=\/wp\/v2\/pages\/471","targetHints":{"allow":["GET"]}}],"collection":[{"href":"https:\/\/www.aronkalip.com\/index.php?rest_route=\/wp\/v2\/pages"}],"about":[{"href":"https:\/\/www.aronkalip.com\/index.php?rest_route=\/wp\/v2\/types\/page"}],"author":[{"embeddable":true,"href":"https:\/\/www.aronkalip.com\/index.php?rest_route=\/wp\/v2\/users\/1"}],"replies":[{"embeddable":true,"href":"https:\/\/www.aronkalip.com\/index.php?rest_route=%2Fwp%2Fv2%2Fcomments&post=471"}],"version-history":[{"count":16,"href":"https:\/\/www.aronkalip.com\/index.php?rest_route=\/wp\/v2\/pages\/471\/revisions"}],"predecessor-version":[{"id":568,"href":"https:\/\/www.aronkalip.com\/index.php?rest_route=\/wp\/v2\/pages\/471\/revisions\/568"}],"wp:attachment":[{"href":"https:\/\/www.aronkalip.com\/index.php?rest_route=%2Fwp%2Fv2%2Fmedia&parent=471"}],"curies":[{"name":"wp","href":"https:\/\/api.w.org\/{rel}","templated":true}]}}